{"id":1281,"date":"2021-03-05T16:52:12","date_gmt":"2021-03-05T15:52:12","guid":{"rendered":"https:\/\/www.sourceasbl.be\/het-team\/"},"modified":"2025-09-30T11:08:49","modified_gmt":"2025-09-30T09:08:49","slug":"het-team","status":"publish","type":"page","link":"https:\/\/www.sourceasbl.be\/nl\/het-team\/","title":{"rendered":"Het team"},"content":{"rendered":"<div class=\"wpb-content-wrapper\"><p>[vc_row content_placement=&#8221;middle&#8221; css=&#8221;.vc_custom_1485432282877{margin-top: 20px !important;margin-bottom: 40px !important;}&#8221;][vc_column width=&#8221;1\/3&#8243;][vc_single_image image=&#8221;1512&#8243; img_size=&#8221;full&#8221; alignment=&#8221;center&#8221; style=&#8221;vc_box_outline_circle_2&#8243;][\/vc_column][vc_column width=&#8221;2\/3&#8243;][vc_custom_heading text=&#8221;Administratie&#8221; font_container=&#8221;tag:h2|font_size:46px|text_align:left|color:%23a3ad24&#8243; google_fonts=&#8221;font_family:Permanent%20Marker%3Aregular|font_style:400%20regular%3A400%3Anormal&#8221;][vc_column_text]<\/p>\n<p style=\"text-align: left;\"><strong>Regisseur<\/strong><br \/>\nMurat Karacaoglu<\/p>\n<p style=\"text-align: left;\"><strong>Administratief team<\/strong><br \/>\nM\u00e9lodie d\u2019Hondt (assistante de direction\/RH), Anne Jadin (comptable)<\/p>\n<p>[\/vc_column_text][\/vc_column][\/vc_row][vc_row equal_height=&#8221;yes&#8221; content_placement=&#8221;middle&#8221; css=&#8221;.vc_custom_1485432290837{margin-top: 40px !important;margin-bottom: 20px !important;}&#8221;][vc_column width=&#8221;2\/3&#8243;][vc_custom_heading text=&#8221;Opvanghuis \u2013 De Oever&#8221; font_container=&#8221;tag:h2|font_size:46px|text_align:left|color:%234594cc&#8221; google_fonts=&#8221;font_family:Permanent%20Marker%3Aregular|font_style:400%20regular%3A400%3Anormal&#8221;][vc_column_text css=&#8221;&#8221;]<strong>Co\u00f6rdinator<\/strong><br \/>\nDorothy Mauricio<\/p>\n<p><strong>Maatschappelijk werkers<\/strong><br \/>\nLaure-H\u00e9l\u00e9ne Cazzola, Silvia Guano, Marie Cuisinier (Robby Dondelinger), Faten Ben Yaghlane, Victoria Vanderweyer, Elisa Cooreman, Laurence Bierrewaerts, Jean-Baptiste Otchoumou, Jean Nizeyimana[\/vc_column_text][\/vc_column][vc_column width=&#8221;1\/3&#8243;][vc_single_image image=&#8221;1199&#8243; img_size=&#8221;full&#8221; alignment=&#8221;center&#8221; style=&#8221;vc_box_outline_circle_2&#8243;][\/vc_column][\/vc_row][vc_row equal_height=&#8221;yes&#8221; content_placement=&#8221;middle&#8221; css=&#8221;.vc_custom_1485432290837{margin-top: 40px !important;margin-bottom: 20px !important;}&#8221;][vc_column width=&#8221;1\/3&#8243;][vc_single_image image=&#8221;756&#8243; img_size=&#8221;full&#8221; alignment=&#8221;center&#8221; style=&#8221;vc_box_outline_circle_2&#8243;][\/vc_column][vc_column width=&#8221;2\/3&#8243;][vc_custom_heading text=&#8221;Dagcentrum \u2013 De Ontmoeting&#8221; font_container=&#8221;tag:h2|font_size:46px|text_align:left|color:%234594cc&#8221; google_fonts=&#8221;font_family:Permanent%20Marker%3Aregular|font_style:400%20regular%3A400%3Anormal&#8221;][vc_column_text]<strong>Co\u00f6rdinator<\/strong><br \/>\nGianni Di Toro<\/p>\n<p><strong>Maatschappelijk werkers<\/strong><br \/>\nClara Signor, Thomas Llave-Bernado, Alice Van Lancker, Martine Pinson, Guillaume Vila[\/vc_column_text][\/vc_column][\/vc_row][vc_row equal_height=&#8221;yes&#8221; content_placement=&#8221;middle&#8221; css=&#8221;.vc_custom_1485432391573{margin-top: 30px !important;margin-bottom: 20px !important;}&#8221;][vc_column width=&#8221;2\/3&#8243;][vc_custom_heading text=&#8221;Kinderruimte \u2013 De Bellenboom&#8221; font_container=&#8221;tag:h2|font_size:46px|text_align:left|color:%23dd9933&#8243; google_fonts=&#8221;font_family:Permanent%20Marker%3Aregular|font_style:400%20regular%3A400%3Anormal&#8221;][vc_column_text css=&#8221;&#8221;]<strong>Sociaal werker<\/strong><br \/>\nChelly Belmonte<\/p>\n<p><strong>Sociaal werker<br \/>\n<\/strong><span style=\"font-size: medium;\">Robert Mwizerwa<\/span>[\/vc_column_text][\/vc_column][vc_column width=&#8221;1\/3&#8243;][vc_single_image image=&#8221;1290&#8243; img_size=&#8221;full&#8221; alignment=&#8221;center&#8221; style=&#8221;vc_box_outline_circle_2&#8243;][\/vc_column][\/vc_row][vc_row equal_height=&#8221;yes&#8221; content_placement=&#8221;middle&#8221; css=&#8221;.vc_custom_1481120799971{margin-top: 20px !important;margin-bottom: 20px !important;}&#8221;][vc_column width=&#8221;1\/3&#8243;][vc_single_image image=&#8221;755&#8243; img_size=&#8221;full&#8221; alignment=&#8221;center&#8221; style=&#8221;vc_box_outline_circle_2&#8243;][\/vc_column][vc_column width=&#8221;2\/3&#8243;][vc_custom_heading text=&#8221;Logistiek en technisch team&#8221; font_container=&#8221;tag:h2|font_size:46px|text_align:left|color:%2300ad77&#8243; google_fonts=&#8221;font_family:Permanent%20Marker%3Aregular|font_style:400%20regular%3A400%3Anormal&#8221;][vc_column_text]<strong>Co\u00f6rdinator<\/strong><br \/>\nKathleen Vander Auwera<\/p>\n<p><strong>Chef cuisinier<\/strong><br \/>\nAhmed Djafri<\/p>\n<p><strong>Fornuis <\/strong><br \/>\nAdama Diallo<\/p>\n<p><strong>Koken<\/strong><br \/>\nIbrahim Antar<\/p>\n<p><strong>Ouvrier qualifi\u00e9 <\/strong><br \/>\nDominique Goeman<\/p>\n<p><strong>Ouvrier polyvalent<\/strong><br \/>\nFarid Denruyter[\/vc_column_text][\/vc_column][\/vc_row][vc_row equal_height=&#8221;yes&#8221; content_placement=&#8221;middle&#8221; css=&#8221;.vc_custom_1481536950955{margin-top: 70px !important;margin-bottom: 10% !important;}&#8221;][vc_column][vc_custom_heading text=&#8221;Raad van Bestuur&#8221; font_container=&#8221;tag:h2|font_size:46px|text_align:left|color:%236841ad&#8221; google_fonts=&#8221;font_family:Permanent%20Marker%3Aregular|font_style:400%20regular%3A400%3Anormal&#8221;][vc_column_text]<\/p>\n<p style=\"text-align: left;\">Eric Van Nuffel (Pr\u00e9sident), Claire Meyer, Jean-Fran\u00e7ois Taymans, Guy van der Bruggen, Alain De Longueville (tr\u00e9sorier), Thierry Mertens<\/p>\n<p>[\/vc_column_text][\/vc_column][\/vc_row]<\/p>\n<\/div>","protected":false},"excerpt":{"rendered":"<p>[vc_row content_placement=&#8221;middle&#8221; css=&#8221;.vc_custom_1485432282877{margin-top: 20px !important;margin-bottom: 40px !important;}&#8221;][vc_column width=&#8221;1\/3&#8243;][vc_single_image image=&#8221;1512&#8243; img_size=&#8221;full&#8221; alignment=&#8221;center&#8221; style=&#8221;vc_box_outline_circle_2&#8243;][\/vc_column][vc_column width=&#8221;2\/3&#8243;][vc_custom_heading text=&#8221;Administratie&#8221; font_container=&#8221;tag:h2|font_size:46px|text_align:left|color:%23a3ad24&#8243; google_fonts=&#8221;font_family:Permanent%20Marker%3Aregular|font_style:400%20regular%3A400%3Anormal&#8221;][vc_column_text] Regisseur Murat Karacaoglu Administratief team M\u00e9lodie d\u2019Hondt (assistante de direction\/RH), Anne Jadin (comptable) [\/vc_column_text][\/vc_column][\/vc_row][vc_row equal_height=&#8221;yes&#8221; content_placement=&#8221;middle&#8221; css=&#8221;.vc_custom_1485432290837{margin-top: 40px !important;margin-bottom: 20px !important;}&#8221;][vc_column width=&#8221;2\/3&#8243;][vc_custom_heading text=&#8221;Opvanghuis \u2013 De Oever&#8221; font_container=&#8221;tag:h2|font_size:46px|text_align:left|color:%234594cc&#8221; google_fonts=&#8221;font_family:Permanent%20Marker%3Aregular|font_style:400%20regular%3A400%3Anormal&#8221;][vc_column_text css=&#8221;&#8221;]Co\u00f6rdinator Dorothy Mauricio Maatschappelijk werkers Laure-H\u00e9l\u00e9ne Cazzola, Silvia Guano, Marie Cuisinier [&hellip;]<\/p>\n","protected":false},"author":1,"featured_media":0,"parent":0,"menu_order":0,"comment_status":"closed","ping_status":"closed","template":"full-width-page-template.php","meta":{"footnotes":""},"class_list":["post-1281","page","type-page","status-publish","hentry"],"aioseo_notices":[],"_links":{"self":[{"href":"https:\/\/www.sourceasbl.be\/nl\/wp-json\/wp\/v2\/pages\/1281","targetHints":{"allow":["GET"]}}],"collection":[{"href":"https:\/\/www.sourceasbl.be\/nl\/wp-json\/wp\/v2\/pages"}],"about":[{"href":"https:\/\/www.sourceasbl.be\/nl\/wp-json\/wp\/v2\/types\/page"}],"author":[{"embeddable":true,"href":"https:\/\/www.sourceasbl.be\/nl\/wp-json\/wp\/v2\/users\/1"}],"replies":[{"embeddable":true,"href":"https:\/\/www.sourceasbl.be\/nl\/wp-json\/wp\/v2\/comments?post=1281"}],"version-history":[{"count":47,"href":"https:\/\/www.sourceasbl.be\/nl\/wp-json\/wp\/v2\/pages\/1281\/revisions"}],"predecessor-version":[{"id":1933,"href":"https:\/\/www.sourceasbl.be\/nl\/wp-json\/wp\/v2\/pages\/1281\/revisions\/1933"}],"wp:attachment":[{"href":"https:\/\/www.sourceasbl.be\/nl\/wp-json\/wp\/v2\/media?parent=1281"}],"curies":[{"name":"wp","href":"https:\/\/api.w.org\/{rel}","templated":true}]}}