{"id":1172,"date":"2021-03-05T15:17:08","date_gmt":"2021-03-05T14:17:08","guid":{"rendered":"https:\/\/www.sourceasbl.be\/ons-project\/"},"modified":"2026-01-05T09:37:04","modified_gmt":"2026-01-05T08:37:04","slug":"ons-project","status":"publish","type":"page","link":"https:\/\/www.sourceasbl.be\/nl\/","title":{"rendered":"Ons project"},"content":{"rendered":"<div class=\"wpb-content-wrapper\"><p>[vc_row css=&#8221;.vc_custom_1481121692412{margin-top: 0px !important;margin-bottom: 60px !important;padding-top: 0px !important;padding-right: 0px !important;padding-left: 0px !important;}&#8221;][vc_column css=&#8221;.vc_custom_1481121412783{padding-top: 0px !important;padding-right: 0px !important;padding-left: 0px !important;}&#8221;][vc_column_text css=&#8221;&#8221;]<\/p>\n<div>\n<style type=\"text\/css\">\n.ytp-gradient-top{display:none !important}\n.ytp-show-watch-later-title{display:none !important}\n.ytp-watch-later-button{display:none !important}\n.ytp-share-button{display:none !important}\n.sh_video_overlay{\n}\n#particles-js49174 .qcld_hero_content_area{\n\tposition:absolute;\n\twidth: 100%;\n\ttop:50%;\t\n\t\tz-index:9;\n}\n#particles-js49174 .slider-x-lead-title, #particles-js49174 .hero_slider_button, #particles-js49174 .slider-x-item-title{margin: 15px 0px;}\n#particles-js49174 .slider-x-lead-title{\n}\n#particles-js49174 .hero_slider_button{\n}\n#particles-js49174 .slider-x-item-title{\n}\n.slider-hero-prev, .slider-hero-next{\n}\n.slider-hero-prev:hover,.slider-hero-next:hover{\n}\n.qc-sliderX-bottom-slide{\n}\n.qc-sliderX-bottom-slide:hover{\n}\n.qc-sliderx-bottom-current{\n}\n#particles-js49174 canvas {\n\tposition:absolute;\n\t\tz-index:8;\n\t}\n#particles-js49174 > img{\n\tposition:absolute;\n\tz-index:1;\n}\n#particles-js49174{\n  width: 100%;\n  height: 100%;\n  overflow: hidden;\n  background-color: #4e56fc;\n  background-size: cover;\n  background-position: 50% 50%;\n  background-repeat: no-repeat;\n  z-index: 1;\n  position:relative;\n    max-width: unset !important;\n}\n#particles-js49174 > canvas{\n\topacity: .5;\n}\n#sunset {\n    position: absolute;\n    top: 0;\n    left: 0;\n    width: 100%;\n    height: 100%;\n    background: #294372 url('https:\/\/www.sourceasbl.be\/wp-content\/plugins\/slider-hero\/images\/sunset.jpg') center top no-repeat;\n    background-size: cover;\n    opacity: 0;\n    z-index: 1\n}\n.slider-x-lead-title49174{\n\/*position: absolute;\ntop: 10%;*\/\nleft: 0px;\nwidth: 100%;\n\tpadding: 0px 10% !important;\nbox-sizing: border-box;\n}\n.slider-x-item-title49174{\n\/*\nposition: absolute;\ntop: 30%;*\/\nleft: 0px;\nwidth: 100%;\nz-index:99 !important;\n\tpadding: 0px 10% !important;\nline-height: 40px;\nbox-sizing: border-box;\n}\n.slider-x-lead-title49174{\nfont-size: 60px !important;color: #38b3b7 !important;text-align: center;\nline-height: 54px;\n}\n.hero_slider_btn49174{\n\t\/*\n\tposition:absolute;\n\ttop: 83.5031%;*\/\n\tleft:0px;\n\twidth:100%;\n\tpadding: 0px 10%;\n\tbox-sizing: border-box;\n\tz-index: -1;\ntext-align: center;}\n.hero_slider_btn49174 a{\n\tz-index: 9;\n    position: relative;\n}\n.slider-x-item-title49174, .slider-x-item-title49174 > p, .slider-x-item-title49174 > *{\ncolor: #ffffff;font-size: 40px;line-height: 40px;text-align: center;line-height: 40px;padding: 0px;\n}\n@media only screen and (min-width: 320px) and (max-width: 767px){\n.qcld_hero_content_area h2{font-size:26px !important;line-height: 30px !important;}\n.qcld_hero_content_area > .slider-x-item-title > p{font-size: 16px !important;line-height:normal;}\t\n}\n<\/style>\n<div class=\"hero_preloader\" style=\"background: #fff;width: 100%;height: 300px;z-index: 999;position: relative;display: flex;justify-content: center !important;align-items: center;\">\n\t\t<div class=\"hero_loader\"><\/div>\n<\/div>\n<div id=\"particles-js49174\"  style=\"display:none;\" >\n\t\t\t\t\t\t\t\t<div class=\"qcld_hero_content_area\" data-bg-image=\"https:\/\/www.sourceasbl.be\/wp-content\/uploads\/2025\/11\/533A6A15-9D5C-471B-96AD-7F24397A6024_1_105_c.jpeg\" >\n<style type=\"text\/css\">\n.slider-x-lead-title49174, .slider-x-lead-title49174 p, .slider-x-lead-title49174 h1, .slider-x-lead-title49174 h2, .slider-x-lead-title49174 h2, .slider-x-lead-title49174 span{\n\t\t}\n.slider-x-item-title49174, .slider-x-item-title49174 p,, .slider-x-item-title49174 h2, .slider-x-item-title49174 div{\n\t\t}\n<\/style>\n\t\t<h2 class=\"slider-x-lead-title slider-x-lead-title49174\">\n\t\t\tSOURCEasbl\t\t\t\t\n\t\t<\/h2>\n\t\t\t\t\t\t<div class=\"slider-x-item-title slider-x-item-title49174\">\n\t\t\t\t\t\t\t<p>\n\t\t\t\t\t\t\tOndersteunen en begeleiden van dakloze personen en\/of personen in een sterk precaire situatie\t\t\t\t\t\t\t<\/p>\n\t\t\t\t\t\t<\/div>\n\t\t\t\t\t\t\t<div class=\"hero_slider_button hero_slider_btn49174\">\n\t\t\t\t\t\t<style type=\"text\/css\">\n\t\t\t.slider_hero_btn_cls_one49174{\n\t\t\t\t\t\t\t\tborder-radius: 0px;\n\t\t\t\t\t\t\t\t\t\tbackground: ;\n\t\t\t\t\t\t\tborder: 2px solid ;\n\t\t\t\tpadding: 12px 20px;\n\t\t\t\tbox-sizing: content-box;\n\t\t\t\t\t\t\tfont-size: 16px;\n\t\t\t\t\t\t\tfont-weight: normal !important;\n\t\t\t\ttext-decoration: none;\n\t\t\t\tmin-width:100px;\n\t\t\t\tcolor:  !important;\n\t\t\t\tmargin-right: 10px;\n\t\t\t\ttext-shadow: none;\n\t\t\t}\n\t\t\t.slider_hero_btn1_display49174{\n\t\t\t\tdisplay: -webkit-inline-flex;\n\t\t\t\t-webkit-box-orient: vertical;\n\t\t\t\t-webkit-box-direction: normal;\n\t\t\t\t-webkit-flex-direction: column;\n\t\t\t\t-webkit-box-pack: center;\n\t\t\t\t-webkit-flex-pack: center;\n\t\t\t\t-webkit-justify-content: center;\n\t\t\t\t-webkit-flex-align: center;\n\t\t\t\t-webkit-align-items: center;\n\t\t\t\tvertical-align: middle;\n\t\t\t}\n\t\t\t.slider_hero_btn_cls_one49174:hover{\n\t\t\t\t\t\t\t\t\t\t\t\ttext-shadow: none;\n\t\t\t}\n\t\t\t<\/style>\n\t\t\t\t\t\t\t<a href=\"https:\/\/www.sourceasbl.be\/nl\/ons-steunen\/\" target=\"_self\" class=\"hg_ctaStartGame slider_hero_btn_cls_one49174 slider_hero_btn1_display49174\">Ons steunen<\/a>\n<!--Second button configuration-->\n\t\t<\/div>\n\t\t<\/div> <!--End of hero Content Area-->\n\t\t\t\t\t\t\t\t\t<div class=\"qcld_hero_content_area\" data-bg-image=\"https:\/\/www.sourceasbl.be\/wp-content\/uploads\/2025\/11\/IMG-20221223-WA0002.jpg\" style=\"display:none;\">\n<style type=\"text\/css\">\n.slider-x-lead-title49174, .slider-x-lead-title49174 p, .slider-x-lead-title49174 h1, .slider-x-lead-title49174 h2, .slider-x-lead-title49174 h2, .slider-x-lead-title49174 span{\n\t\t}\n.slider-x-item-title49174, .slider-x-item-title49174 p,, .slider-x-item-title49174 h2, .slider-x-item-title49174 div{\n\t\t}\n<\/style>\n\t\t<h2 class=\"slider-x-lead-title slider-x-lead-title49174\">\n\t\t\tSOURCEasbl\t\t\t\t\n\t\t<\/h2>\n\t\t\t\t\t\t<div class=\"slider-x-item-title slider-x-item-title49174\">\n\t\t\t\t\t\t\t<p>\n\t\t\t\t\t\t\tOndersteunen en begeleiden van dakloze personen en\/of personen in een sterk precaire situatie\t\t\t\t\t\t\t<\/p>\n\t\t\t\t\t\t<\/div>\n\t\t\t\t\t\t\t<div class=\"hero_slider_button hero_slider_btn49174\">\n\t\t\t\t\t\t<style type=\"text\/css\">\n\t\t\t.slider_hero_btn_cls_one49174{\n\t\t\t\t\t\t\t\tborder-radius: 35px 35px;\n\t\t\t\t\t\t\t\t\t\tbackground: #ffffff;\n\t\t\t\t\t\t\tborder: 2px solid #ffffff;\n\t\t\t\tpadding: 12px 20px;\n\t\t\t\tbox-sizing: content-box;\n\t\t\t\t\t\t\tfont-size: 16px;\n\t\t\t\t\t\t\tfont-weight: normal !important;\n\t\t\t\ttext-decoration: none;\n\t\t\t\tmin-width:100px;\n\t\t\t\tcolor: #38b3b7 !important;\n\t\t\t\tmargin-right: 10px;\n\t\t\t\ttext-shadow: none;\n\t\t\t}\n\t\t\t.slider_hero_btn1_display49174{\n\t\t\t\tdisplay: -webkit-inline-flex;\n\t\t\t\t-webkit-box-orient: vertical;\n\t\t\t\t-webkit-box-direction: normal;\n\t\t\t\t-webkit-flex-direction: column;\n\t\t\t\t-webkit-box-pack: center;\n\t\t\t\t-webkit-flex-pack: center;\n\t\t\t\t-webkit-justify-content: center;\n\t\t\t\t-webkit-flex-align: center;\n\t\t\t\t-webkit-align-items: center;\n\t\t\t\tvertical-align: middle;\n\t\t\t}\n\t\t\t.slider_hero_btn_cls_one49174:hover{\n\t\t\t\t\t\t\t\t\t\t\t\ttext-shadow: none;\n\t\t\t}\n\t\t\t<\/style>\n\t\t\t\t\t\t\t<a href=\"https:\/\/www.sourceasbl.be\/nl\/ons-steunen\/\" target=\"_self\" class=\"hg_ctaStartGame slider_hero_btn_cls_one49174 slider_hero_btn1_display49174\">Ons steunen<\/a>\n<!--Second button configuration-->\n\t\t<\/div>\n\t\t<\/div> <!--End of hero Content Area-->\n\t<script type=\"text\/javascript\">\nfunction heroCookie(cname, cvalue, exdays) {\n    var d = new Date();\n    d.setTime(d.getTime() + (exdays*24*60*60*1000));\n    var expires = \"expires=\"+ d.toUTCString();\n    document.cookie = cname + \"=\" + cvalue + \";\" + expires + \";path=\/\";\n}\nfunction heroisMobile(){\n\tvar isMobile = false; \/\/initiate as false\n\t\t\/\/ device detection\n\t\tif(\/(android|bb\\d+|meego).+mobile|avantgo|bada\\\/|blackberry|blazer|compal|elaine|fennec|hiptop|iemobile|ip(hone|od)|ipad|iris|kindle|Android|Silk|lge |maemo|midp|mmp|netfront|opera m(ob|in)i|palm( os)?|phone|p(ixi|re)\\\/|plucker|pocket|psp|series(4|6)0|symbian|treo|up\\.(browser|link)|vodafone|wap|windows (ce|phone)|xda|xiino\/i.test(navigator.userAgent) \n\t\t|| \/1207|6310|6590|3gso|4thp|50[1-6]i|770s|802s|a wa|abac|ac(er|oo|s\\-)|ai(ko|rn)|al(av|ca|co)|amoi|an(ex|ny|yw)|aptu|ar(ch|go)|as(te|us)|attw|au(di|\\-m|r |s )|avan|be(ck|ll|nq)|bi(lb|rd)|bl(ac|az)|br(e|v)w|bumb|bw\\-(n|u)|c55\\\/|capi|ccwa|cdm\\-|cell|chtm|cldc|cmd\\-|co(mp|nd)|craw|da(it|ll|ng)|dbte|dc\\-s|devi|dica|dmob|do(c|p)o|ds(12|\\-d)|el(49|ai)|em(l2|ul)|er(ic|k0)|esl8|ez([4-7]0|os|wa|ze)|fetc|fly(\\-|_)|g1 u|g560|gene|gf\\-5|g\\-mo|go(\\.w|od)|gr(ad|un)|haie|hcit|hd\\-(m|p|t)|hei\\-|hi(pt|ta)|hp( i|ip)|hs\\-c|ht(c(\\-| |_|a|g|p|s|t)|tp)|hu(aw|tc)|i\\-(20|go|ma)|i230|iac( |\\-|\\\/)|ibro|idea|ig01|ikom|im1k|inno|ipaq|iris|ja(t|v)a|jbro|jemu|jigs|kddi|keji|kgt( |\\\/)|klon|kpt |kwc\\-|kyo(c|k)|le(no|xi)|lg( g|\\\/(k|l|u)|50|54|\\-[a-w])|libw|lynx|m1\\-w|m3ga|m50\\\/|ma(te|ui|xo)|mc(01|21|ca)|m\\-cr|me(rc|ri)|mi(o8|oa|ts)|mmef|mo(01|02|bi|de|do|t(\\-| |o|v)|zz)|mt(50|p1|v )|mwbp|mywa|n10[0-2]|n20[2-3]|n30(0|2)|n50(0|2|5)|n7(0(0|1)|10)|ne((c|m)\\-|on|tf|wf|wg|wt)|nok(6|i)|nzph|o2im|op(ti|wv)|oran|owg1|p800|pan(a|d|t)|pdxg|pg(13|\\-([1-8]|c))|phil|pire|pl(ay|uc)|pn\\-2|po(ck|rt|se)|prox|psio|pt\\-g|qa\\-a|qc(07|12|21|32|60|\\-[2-7]|i\\-)|qtek|r380|r600|raks|rim9|ro(ve|zo)|s55\\\/|sa(ge|ma|mm|ms|ny|va)|sc(01|h\\-|oo|p\\-)|sdk\\\/|se(c(\\-|0|1)|47|mc|nd|ri)|sgh\\-|shar|sie(\\-|m)|sk\\-0|sl(45|id)|sm(al|ar|b3|it|t5)|so(ft|ny)|sp(01|h\\-|v\\-|v )|sy(01|mb)|t2(18|50)|t6(00|10|18)|ta(gt|lk)|tcl\\-|tdg\\-|tel(i|m)|tim\\-|t\\-mo|to(pl|sh)|ts(70|m\\-|m3|m5)|tx\\-9|up(\\.b|g1|si)|utst|v400|v750|veri|vi(rg|te)|vk(40|5[0-3]|\\-v)|vm40|voda|vulc|vx(52|53|60|61|70|80|81|83|85|98)|w3c(\\-| )|webc|whit|wi(g |nc|nw)|wmlb|wonu|x700|yas\\-|your|zeto|zte\\-\/i.test(navigator.userAgent.substr(0,4))) isMobile = true;\n\treturn isMobile;\n}\nfunction getOffset1( el ) {\n    var _x = 0;\n    var _y = 0;\n    while( el && !isNaN( el.offsetLeft ) && !isNaN( el.offsetTop ) ) {\n        _x += el.offsetLeft - el.scrollLeft;\n        _y += el.offsetTop - el.scrollTop;\n        el = el.offsetParent;\n    }\n\t_x = parseInt(_x) + parseInt(jQuery('#particles-js49174').parent().css('padding-left'));\n    return { top: _y, left: _x };\n}\n  jQuery(document).ready(function($){\n    \/\/jQuery(window).on( 'load', function(){\n\t\t\t\t   jQuery('.hero_preloader').remove();\n\t   \t   jQuery('#particles-js49174').show();\n\t   jQuery('#particles-js49174 canvas').width(jQuery('#particles-js49174').width());\n\t   \t\t\tjQuery('#particles-js49174 .qcld_hero_content_area:visible').css('margin-top','-'+Math.round(jQuery('#particles-js49174 .qcld_hero_content_area:visible').height()\/2)+'px');\n\t\t   var fullwidth = jQuery(\"body\").prop(\"clientWidth\"); \n\t\t\tvar maindivcon = jQuery('#particles-js49174').parent()[0];\n\t\t\tvar getleft = getOffset1(maindivcon);\n\t\t\tjQuery('#particles-js49174').css({\n\t\t\t\t'left':'-'+getleft.left+'px',\n\t\t\t});\n\t\tvar maindivcontainer = jQuery('#particles-js49174');\n\t\tif(jQuery(window).width() < 767){\n\t\t\tmaindivcontainer.find('.qcld_hero_content_area:visible').css('margin-top','-'+Math.round(maindivcontainer.find('.qcld_hero_content_area:visible').height()\/2)+'px');\n\t\t}\n});\njQuery(document).ready(function($){\n\t    $.fn.sliderX.defaults = {\n\t\tsliderWidth:800,\n\t\tsliderHeight:580,\n        pauseTime: 5000,\n\t\tpaddingTime: 0,\n        startSlide: 0,\n\t\ttitlePositionTop:'0%',\n\t\ttitlePositionLeft:'0%',\n\t\tdescPositionTop:'0%',\n\t\tdescPositionLeft:'0%',\n\t\t\/\/titleTextAnimation:'pulse',\n\t\ttitleTextColor:'#38b3b7',\n\t\tdescriptionTextColor:'#ffffff',\n\t\ttitleFontSize:'60',\n\t\tarrowClass: 'arrow-circle',\n\t\tdescriptionFontSize:'40',\n\t\t\t\tfullWidth:true,\n\t\t\t\t\t\tfullScreen:false,\n\t\t\t\t\t\tScreenauto:false,\n\t\t\t\t\tslideStart: true,\n\t\t\t\t\tdirectionCon:false,\n\t\t\t\t\tbottomCon:false,\n\t\t\t\t\t\t\tarrow_style: 'default',\n\t\t\t\t\t\t\t\trandomslide: false,\n\t\tprevSlideText:'Previous',\n\t\tnextSlideText:'Next',\n\t\ttitleAnimation: 'normal',\n\t\ttitleoutAnimation: '',\n\t\tdesAnimation: 'normal',\n\t\tdesoutAnimation: '',\n\t\tlfxtitlein:'',\n\t\tlfxtitleout:'',\n\t\tlfxdesin:'',\n\t\tlfxdesout:'',\n\t\tbuttonAnimation: 'normal',\n\t\tbuttonoutAnimation: '',\n\t\tredirecturl: '',\n\t\tredirectdelay: '',\n\t\tcontentposition: 'center',\n\t\tbgtransition: 'fade',\n    bgtransitionreverse: 'fade',\n    fullscreenmobile: '0',\n\t\t\t\t\t\trepeat: false,\n\t\t\t\t\t\tsliderestart: false,\n\t\t\t\t\t\t\t\t\t\tsliderpause: false,\n\t\tmainId: 'particles-js49174',\n\t\tsid: '49174',\n\t\tslidertype: 'no_effect',\n        beforeChange: function(){\n\t\t\t\/\/alert(\"i am changing..\");\n\t\t}\n    };   \n    function firesliderx(){\n\t\tjQuery('#particles-js49174').sliderX();\n\t}\n\t\t\tif(jQuery('.second_div_hero').length<1)\n\t\t\tfiresliderx();\n$(window).resize(function() {\n\tsetTimeout(function(){\n\t\tvar fullwidth = jQuery(window).width(); \n\t\tvar maindivcon = $('#particles-js49174').parent()[0];\n\t\tvar getleft = getOffset1(maindivcon);\n\t\tjQuery('#particles-js49174').css({\n\t\t\t'left':'-'+getleft.left+'px',\n\t\t});\n\t}, 500);\n});\n\tvar fullwidth = jQuery(window).width();\n\t\t\tvar maindivcon = $('#particles-js49174').parent()[0];\n\t\tvar getleft = getOffset1(maindivcon);\n\tjQuery('#particles-js49174').css({\n\t\t'left':'-'+getleft.left+'px',\n\t});\n$(window).resize(function() {\n\tsetTimeout(function(){\n\t\tif(jQuery(window).width()<767){\n\t\t\tvar maindivcontainer = $('#particles-js49174');\n\t\t\tvar present_slide = maindivcontainer.find('.qcld_hero_content_area:visible');\n\t\t\t\/\/present_slide.css('height',maindivcontainer.height()+'px');\n\t\t}\n\t}, 500);\n});\n$('body').css({\n\t'overflow-x':'hidden',\n});\n});\nvar mainId = 'particles-js49174';\nvar no_effect_mainId = 'particles-js49174';\n<\/script>\n<\/div>\n<div style=\"background-image:url(https:\/\/www.sourceasbl.be\/wp-content\/uploads\/2025\/11\/533A6A15-9D5C-471B-96AD-7F24397A6024_1_105_c.jpeg);position:absolute;left:-999px;width:2px;height:2px;z-index:-999\"><\/div><div style=\"background-image:url(https:\/\/www.sourceasbl.be\/wp-content\/uploads\/2025\/11\/IMG-20221223-WA0002.jpg);position:absolute;left:-999px;width:2px;height:2px;z-index:-999\"><\/div>\n<style type=\"text\/css\">\n<\/style>\n<\/div>\n<p>[\/vc_column_text][vc_custom_heading text=&#8221;SOURCEvzw&#8221; font_container=&#8221;tag:h2|font_size:28px|text_align:left|color:%2338b3b7&#8243; google_fonts=&#8221;font_family:Permanent%20Marker%3Aregular|font_style:400%20regular%3A400%3Anormal&#8221;][vc_column_text css=&#8221;.vc_custom_1614770065207{margin-top: 0px !important;padding-top: 0px !important;}&#8221;]Het is inmiddels meer dan 63 jaar geleden dat \u201cSOURCE\u201d werd gecre\u00eberd door Jacques Van der Biest. Source begon als opvangcentrum voor jonge ex-gevangenen, maar is in de loop van de tijd opengesteld voor een veel breder publiek. Tegenwoordig biedt het, naast jongeren die uit de gevangenis komen, ook onderdak aan alleenstaande mannen, stellen en gezinnen die een moeilijke periode in hun leven doormaken.[\/vc_column_text][\/vc_column][\/vc_row][vc_row css=&#8221;.vc_custom_1481121692412{margin-top: 0px !important;margin-bottom: 60px !important;padding-top: 0px !important;padding-right: 0px !important;padding-left: 0px !important;}&#8221;][vc_column css=&#8221;.vc_custom_1481121412783{padding-top: 0px !important;padding-right: 0px !important;padding-left: 0px !important;}&#8221;][vc_custom_heading text=&#8221;Ons publiek&#8221; font_container=&#8221;tag:h2|font_size:28px|text_align:left|color:%2338b3b7&#8243; google_fonts=&#8221;font_family:Permanent%20Marker%3Aregular|font_style:400%20regular%3A400%3Anormal&#8221;][vc_column_text css=&#8221;.vc_custom_1675072482059{margin-top: 0px !important;padding-top: 0px !important;}&#8221;]Of het nu in het opvangcentrum of in het sociale restaurant is, we verwelkomen zeer precaire mensen wier levenspad hen niet toestaat om zichzelf op een harmonieuze manier op te bouwen: mensen die lijden aan verslavingsproblemen, lijden aan acute psychiatrische stoornissen, vrouwelijke slachtoffers van huiselijk geweld, zwervende gezinnen verzwakt door een chaotische levensloop of zelfs jongeren met een toch al moeilijk institutioneel pad, enz.<br \/>\nSinds 2013 bieden we ook speelruimte en emotionele reconstructie aan voor kinderen van 2,5 tot 10 jaar die aan hun lot worden overgelaten, niet naar school gaan en of niet in aanmerking komen voor school.<\/p>\n<p>Iedereen kan bij Source terecht voor intensieve ondersteuning bij de uitvoering van zijn\/haar re-integratieproject.[\/vc_column_text][\/vc_column][\/vc_row][vc_row css=&#8221;.vc_custom_1481121692412{margin-top: 0px !important;margin-bottom: 60px !important;padding-top: 0px !important;padding-right: 0px !important;padding-left: 0px !important;}&#8221;][vc_column css=&#8221;.vc_custom_1481121412783{padding-top: 0px !important;padding-right: 0px !important;padding-left: 0px !important;}&#8221;][vc_custom_heading text=&#8221;Onze waarden, onze filosofie&#8221; font_container=&#8221;tag:h2|font_size:28px|text_align:left|color:%2338b3b7&#8243; google_fonts=&#8221;font_family:Permanent%20Marker%3Aregular|font_style:400%20regular%3A400%3Anormal&#8221;][vc_column_text css=&#8221;.vc_custom_1480496486075{margin-top: 0px !important;padding-top: 0px !important;}&#8221;]<\/p>\n<ul>\n<li>Ondersteuning binnen een structuur op menselijke maat, gebaseerd op respect voor de persoon die wordt verwelkomd en die als een volwaardig subject wordt beschouwd.<\/li>\n<li>Een professionele praktijk die vooral gericht is op de kwaliteit van de ontvangst en de aanwezigheid bij de begunstigden, die creativiteit en klinische reflectie bevordert door gebruik te maken van verschillende analyse-instrumenten (psychoanalyse, systemisch, enz.).<\/li>\n<li>Een toegangsbeleid met een \u2018laagdrempel\u2019, dat wil zeggen met zo min mogelijk voorwaarden voor ontvangst.<\/li>\n<li>Er wordt speciale aandacht besteed aan kinderen die in gezinnen worden opgenomen, om deze toekomstige volwassenen te helpen een bevredigender leven te leiden en zo de vicieuze cirkel van armoede te doorbreken.<\/li>\n<li>Een sectorale en maatschappelijke inzet in de strijd tegen sociale, materi\u00eble, culturele en emotionele onzekerheid.<\/li>\n<\/ul>\n<p>[\/vc_column_text][\/vc_column][\/vc_row][vc_row disable_element=&#8221;yes&#8221; css=&#8221;.vc_custom_1601561668898{border-top-width: 12px !important;border-right-width: 12px !important;border-bottom-width: 12px !important;border-left-width: 12px !important;border-left-color: #dd9933 !important;border-left-style: solid !important;border-right-color: #dd9933 !important;border-right-style: solid !important;border-top-color: #dd9933 !important;border-top-style: solid !important;border-bottom-color: #dd9933 !important;border-bottom-style: solid !important;}&#8221;][vc_column][vc_column_text css=&#8221;.vc_custom_1486034407282{margin-bottom: 30px !important;}&#8221;]<strong>Bron in 2016 \u2026<\/strong><\/p>\n<p>\u2026 het zijn 48 mannen, 17 gezinnen en 3 koppels die verwelkomd en ondersteund worden in hun (re)integratieproject binnen het opvangcentrum.<\/p>\n<p>\u2026dat zijn 25 vertrekken in de woningbouw.<\/p>\n<p>\u2026dat zijn meer dan 900 jaarlijkse begunstigden voor ons sociale restaurant.<\/p>\n<p>\u2026dat zijn gemiddeld 130 verschillende mensen die dagelijks in ons sociale restaurant verblijven.<\/p>\n<p>\u2026dat zijn 11 kinderen die elke dag in het kindergedeelte worden verwelkomd en meer dan 47 dakloze gezinnen die worden ondersteund.<\/p>\n<p>\u2026 het gaat om 150 voedselpakketten die worden uitgedeeld aan mensen die een uitkering ontvangen van het OCMW van Brussel-Stad.<\/p>\n<p>\u2026dit is de uitvoering van ons project om de toiletten van het sociale restaurant te renoveren.<\/p>\n<p>\u2026 is de aankoop van het gebouw dat momenteel door het opvangcentrum wordt bezet en de formalisering van een ambitieus renovatieproject.<\/p>\n<p>\u2026 het is een team van 30 gemotiveerde professionals die dagelijks toegewijd zijn aan hun werk en nauw samenwerken met de meest kwetsbaren.[\/vc_column_text][\/vc_column][\/vc_row][vc_row][vc_column][vc_column_text css=&#8221;&#8221;]Pour consulter les rapports d\u2019activit\u00e9s cliquez sur le lien d\u00e9sir\u00e9 :<\/p>\n<p><a href=\"https:\/\/www.sourceasbl.be\/wp-content\/uploads\/2025\/09\/rapport-activites-larencontre-2024-WEB2.pdf\" target=\"_blank\" rel=\"nofollow noopener\">La Rencontre\/L&#8217;arbre \u00e0 Bulles<\/a><\/p>\n<p><a href=\"https:\/\/www.sourceasbl.be\/wp-content\/uploads\/2025\/09\/rapport-activites-larive-2024-WEB2.pdf\" target=\"_blank\" rel=\"nofollow noopener\">La Rive<\/a><\/p>\n<p><a href=\"https:\/\/www.sourceasbl.be\/wp-content\/uploads\/2025\/09\/rapport-activites-solia-2024WEB-12.pdf\" target=\"_blank\" rel=\"nofollow noopener\">Solia<\/a><\/p>\n<p>Onze balansen kunt u raadplegen door op de <a href=\"https:\/\/consult.cbso.nbb.be\/\" target=\"_blank\" rel=\"nofollow noopener\">volgende link te klikken<\/a>.<br \/>\nEenmaal geopend, vult u het ondernemingsnummer <strong>0410699483<\/strong> in het daarvoor bestemde vakje in.[\/vc_column_text][\/vc_column][\/vc_row]<\/p>\n<\/div>","protected":false},"excerpt":{"rendered":"<p>[vc_row css=&#8221;.vc_custom_1481121692412{margin-top: 0px !important;margin-bottom: 60px !important;padding-top: 0px !important;padding-right: 0px !important;padding-left: 0px !important;}&#8221;][vc_column css=&#8221;.vc_custom_1481121412783{padding-top: 0px !important;padding-right: 0px !important;padding-left: 0px !important;}&#8221;][vc_column_text css=&#8221;&#8221;] [\/vc_column_text][vc_custom_heading text=&#8221;SOURCEvzw&#8221; font_container=&#8221;tag:h2|font_size:28px|text_align:left|color:%2338b3b7&#8243; google_fonts=&#8221;font_family:Permanent%20Marker%3Aregular|font_style:400%20regular%3A400%3Anormal&#8221;][vc_column_text css=&#8221;.vc_custom_1614770065207{margin-top: 0px !important;padding-top: 0px !important;}&#8221;]Het is inmiddels meer dan 63 jaar geleden dat \u201cSOURCE\u201d werd gecre\u00eberd door Jacques Van der Biest. Source begon als opvangcentrum voor jonge ex-gevangenen, maar is in [&hellip;]<\/p>\n","protected":false},"author":1,"featured_media":0,"parent":0,"menu_order":0,"comment_status":"closed","ping_status":"closed","template":"full-width-page-template.php","meta":{"footnotes":""},"class_list":["post-1172","page","type-page","status-publish","hentry"],"aioseo_notices":[],"_links":{"self":[{"href":"https:\/\/www.sourceasbl.be\/nl\/wp-json\/wp\/v2\/pages\/1172","targetHints":{"allow":["GET"]}}],"collection":[{"href":"https:\/\/www.sourceasbl.be\/nl\/wp-json\/wp\/v2\/pages"}],"about":[{"href":"https:\/\/www.sourceasbl.be\/nl\/wp-json\/wp\/v2\/types\/page"}],"author":[{"embeddable":true,"href":"https:\/\/www.sourceasbl.be\/nl\/wp-json\/wp\/v2\/users\/1"}],"replies":[{"embeddable":true,"href":"https:\/\/www.sourceasbl.be\/nl\/wp-json\/wp\/v2\/comments?post=1172"}],"version-history":[{"count":102,"href":"https:\/\/www.sourceasbl.be\/nl\/wp-json\/wp\/v2\/pages\/1172\/revisions"}],"predecessor-version":[{"id":2072,"href":"https:\/\/www.sourceasbl.be\/nl\/wp-json\/wp\/v2\/pages\/1172\/revisions\/2072"}],"wp:attachment":[{"href":"https:\/\/www.sourceasbl.be\/nl\/wp-json\/wp\/v2\/media?parent=1172"}],"curies":[{"name":"wp","href":"https:\/\/api.w.org\/{rel}","templated":true}]}}